{"id":143,"date":"2016-06-20T07:48:11","date_gmt":"2016-06-20T07:48:11","guid":{"rendered":"http:\/\/sw-themes.com\/porto_dummy\/?page_id=143"},"modified":"2024-04-15T15:52:22","modified_gmt":"2024-04-15T15:52:22","slug":"home","status":"publish","type":"page","link":"https:\/\/www.tecnicamecanica.com\/web\/","title":{"rendered":"Home"},"content":{"rendered":"<p>[vc_row wrap_container=\u00bbyes\u00bb el_class=\u00bbp-t-xlg p-b-md\u00bb][vc_column width=\u00bb2\/3&#8243;][vc_message style=\u00bbsquare\u00bb message_box_color=\u00bbblue\u00bb icon_fontawesome=\u00bbfa fa-cog\u00bb]<span style=\"font-size: 14pt; color: #000000;\"><strong>Servicios<\/strong><\/span>[\/vc_message][vc_row_inner][vc_column_inner width=\u00bb1\/2&#8243;]<div class=\"aio-icon-component    style_1\"><div id=\"Info-box-wrap-5232\" class=\"aio-icon-box left-icon\" style=\"\"  ><div class=\"aio-icon-left\"><div class=\"ult-just-icon-wrapper  \"><div class=\"align-icon\" style=\"text-align:center;\">\n<div class=\"aio-icon none \"  style=\"color:#395563;font-size:28px;display:inline-block;\">\n\t<i class=\"Defaults-random\"><\/i>\n<\/div><\/div><\/div><\/div><div class=\"aio-ibd-block\"><div class=\"aio-icon-header\" ><h3 class=\"aio-icon-title ult-responsive\"  data-ultimate-target='#Info-box-wrap-5232 .aio-icon-title'  data-responsive-json-new='{\"font-size\":\"desktop:20px;\",\"line-height\":\"\"}'  style=\"\">Corte por Hilo<\/h3><\/div> <!-- header --><div class=\"aio-icon-description ult-responsive\"  data-ultimate-target='#Info-box-wrap-5232 .aio-icon-description'  data-responsive-json-new='{\"font-size\":\"\",\"line-height\":\"\"}'  style=\"\">\n<p style=\"text-align: justify;\">Ofrecemos a usted el servicio de corte por hilo, logrando de esta manera obtener la precisi\u00f3n deseada por nuestros clientes en la m\u00e1s alta calidad de material, garantizando as\u00ed la excelencia de nuestro producto final.<br \/>\n[ <strong><a href=\"http:\/\/www.tecnicamecanica.com\/web\/servicios\/corte-por-hilo\/\">M\u00e1s info<\/a><\/strong> ]<\/p>\n<p><\/div> <!-- description --><\/div> <!-- aio-ibd-block --><\/div> <!-- aio-icon-box --><\/div> <!-- aio-icon-component -->[\/vc_column_inner][vc_column_inner width=\u00bb1\/2&#8243;]<div class=\"aio-icon-component    style_1\"><div id=\"Info-box-wrap-7859\" class=\"aio-icon-box left-icon\" style=\"\"  ><div class=\"aio-icon-left\"><div class=\"ult-just-icon-wrapper  \"><div class=\"align-icon\" style=\"text-align:center;\">\n<div class=\"aio-icon none \"  style=\"color:#395563;font-size:28px;display:inline-block;\">\n\t<i class=\"Defaults-cube\"><\/i>\n<\/div><\/div><\/div><\/div><div class=\"aio-ibd-block\"><div class=\"aio-icon-header\" ><h3 class=\"aio-icon-title ult-responsive\"  data-ultimate-target='#Info-box-wrap-7859 .aio-icon-title'  data-responsive-json-new='{\"font-size\":\"desktop:20px;\",\"line-height\":\"\"}'  style=\"\">Dise\u00f1o CAD - CAM<\/h3><\/div> <!-- header --><div class=\"aio-icon-description ult-responsive\"  data-ultimate-target='#Info-box-wrap-7859 .aio-icon-description'  data-responsive-json-new='{\"font-size\":\"\",\"line-height\":\"\"}'  style=\"\">\n<p style=\"text-align: justify;\">Con la tecnolog\u00eda CAD logramos construir las piezas virtualmente, y con la tecnolog\u00eda CAM eliminamos la necesidad del plano, acelerando as\u00ed los resultados en los procesos de producci\u00f3n.<br \/>\n[ <strong><a href=\"http:\/\/www.tecnicamecanica.com\/web\/servicios\/disenos-cad-cam\/\">M\u00e1s info<\/a><\/strong> ]<\/p>\n<p><\/div> <!-- description --><\/div> <!-- aio-ibd-block --><\/div> <!-- aio-icon-box --><\/div> <!-- aio-icon-component -->[\/vc_column_inner][\/vc_row_inner][vc_row_inner][vc_column_inner width=\u00bb1\/2&#8243;]<div class=\"aio-icon-component    style_1\"><div id=\"Info-box-wrap-5695\" class=\"aio-icon-box left-icon\" style=\"\"  ><div class=\"aio-icon-left\"><div class=\"ult-just-icon-wrapper  \"><div class=\"align-icon\" style=\"text-align:center;\">\n<div class=\"aio-icon none \"  style=\"color:#395563;font-size:28px;display:inline-block;\">\n\t<i class=\"Defaults-filter\"><\/i>\n<\/div><\/div><\/div><\/div><div class=\"aio-ibd-block\"><div class=\"aio-icon-header\" ><h3 class=\"aio-icon-title ult-responsive\"  data-ultimate-target='#Info-box-wrap-5695 .aio-icon-title'  data-responsive-json-new='{\"font-size\":\"desktop:20px;\",\"line-height\":\"\"}'  style=\"\">Moldes y Matrices<\/h3><\/div> <!-- header --><div class=\"aio-icon-description ult-responsive\"  data-ultimate-target='#Info-box-wrap-5695 .aio-icon-description'  data-responsive-json-new='{\"font-size\":\"\",\"line-height\":\"\"}'  style=\"\">\n<p style=\"text-align: justify;\">Servicio de fabricaci\u00f3n de MOLDES Y MATRICES para la industria y personas emprendedoras con visi\u00f3n de negocio, contando con m\u00e1quinas competitivas, aumentando de esta manera la productividad y calidad de producto.<br \/>\n[ <strong><a href=\"http:\/\/www.tecnicamecanica.com\/web\/servicios\/inyeccion-de-plastico\/\">M\u00e1s info<\/a><\/strong> ]<\/p>\n<p><\/div> <!-- description --><\/div> <!-- aio-ibd-block --><\/div> <!-- aio-icon-box --><\/div> <!-- aio-icon-component -->[\/vc_column_inner][vc_column_inner width=\u00bb1\/2&#8243;]<div class=\"aio-icon-component    style_1\"><div id=\"Info-box-wrap-8131\" class=\"aio-icon-box left-icon\" style=\"\"  ><div class=\"aio-icon-left\"><div class=\"ult-just-icon-wrapper  \"><div class=\"align-icon\" style=\"text-align:center;\">\n<div class=\"aio-icon none \"  style=\"color:#395563;font-size:28px;display:inline-block;\">\n\t<i class=\"Defaults-cog gear\"><\/i>\n<\/div><\/div><\/div><\/div><div class=\"aio-ibd-block\"><div class=\"aio-icon-header\" ><h3 class=\"aio-icon-title ult-responsive\"  data-ultimate-target='#Info-box-wrap-8131 .aio-icon-title'  data-responsive-json-new='{\"font-size\":\"desktop:20px;\",\"line-height\":\"\"}'  style=\"\">Torno CNC (alta producci\u00f3n)<\/h3><\/div> <!-- header --><div class=\"aio-icon-description ult-responsive\"  data-ultimate-target='#Info-box-wrap-8131 .aio-icon-description'  data-responsive-json-new='{\"font-size\":\"\",\"line-height\":\"\"}'  style=\"\">\n<p style=\"text-align: justify;\">Puede hacer todos los trabajos que normalmente se realizan mediante diferentes tipos de torno como paralelos, copiadores, rev\u00f3lver, autom\u00e1ticos e incluso los verticales, su rentabilidad depende del tipo de pieza que se mecanice. [ <strong><a href=\"https:\/\/www.tecnicamecanica.com\/web\/servicios\/torno-cnc\/\">M\u00e1s info<\/a><\/strong> ]<\/p>\n<p><\/div> <!-- description --><\/div> <!-- aio-ibd-block --><\/div> <!-- aio-icon-box --><\/div> <!-- aio-icon-component -->[\/vc_column_inner][\/vc_row_inner][vc_row_inner][vc_column_inner width=\u00bb1\/2&#8243;]<div class=\"aio-icon-component    style_1\"><div id=\"Info-box-wrap-3611\" class=\"aio-icon-box left-icon\" style=\"\"  ><div class=\"aio-icon-left\"><div class=\"ult-just-icon-wrapper  \"><div class=\"align-icon\" style=\"text-align:center;\">\n<div class=\"aio-icon none \"  style=\"color:#395563;font-size:28px;display:inline-block;\">\n\t<i class=\"Simple-Line-Icons-layers\"><\/i>\n<\/div><\/div><\/div><\/div><div class=\"aio-ibd-block\"><div class=\"aio-icon-header\" ><h3 class=\"aio-icon-title ult-responsive\"  data-ultimate-target='#Info-box-wrap-3611 .aio-icon-title'  data-responsive-json-new='{\"font-size\":\"desktop:20px;\",\"line-height\":\"\"}'  style=\"\">Erosi\u00f3n por penetraci\u00f3n<\/h3><\/div> <!-- header --><div class=\"aio-icon-description ult-responsive\"  data-ultimate-target='#Info-box-wrap-3611 .aio-icon-description'  data-responsive-json-new='{\"font-size\":\"\",\"line-height\":\"\"}'  style=\"\">\n<p style=\"text-align: justify;\">Con este servicio logramos ofrecerle a usted formas ensenadas y con cavidades diferentes no logradas en parte con ning\u00fan otro sistema de mecanizado. [ <strong><a href=\"http:\/\/www.tecnicamecanica.com\/web\/servicios\/erosion-por-penetracion\/\">M\u00e1s info<\/a><\/strong> ]<\/p>\n<p><\/div> <!-- description --><\/div> <!-- aio-ibd-block --><\/div> <!-- aio-icon-box --><\/div> <!-- aio-icon-component -->[\/vc_column_inner][vc_column_inner width=\u00bb1\/2&#8243;]<div class=\"aio-icon-component    style_1\"><div id=\"Info-box-wrap-9850\" class=\"aio-icon-box left-icon\" style=\"\"  ><div class=\"aio-icon-left\"><div class=\"ult-just-icon-wrapper  \"><div class=\"align-icon\" style=\"text-align:center;\">\n<div class=\"aio-icon none \"  style=\"color:#395563;font-size:28px;display:inline-block;\">\n\t<i class=\"Defaults-cogs gears\"><\/i>\n<\/div><\/div><\/div><\/div><div class=\"aio-ibd-block\"><div class=\"aio-icon-header\" ><h3 class=\"aio-icon-title ult-responsive\"  data-ultimate-target='#Info-box-wrap-9850 .aio-icon-title'  data-responsive-json-new='{\"font-size\":\"desktop:20px;\",\"line-height\":\"\"}'  style=\"\">Rectificado Cil\u00edndrico Universal<\/h3><\/div> <!-- header --><div class=\"aio-icon-description ult-responsive\"  data-ultimate-target='#Info-box-wrap-9850 .aio-icon-description'  data-responsive-json-new='{\"font-size\":\"\",\"line-height\":\"\"}'  style=\"\">\n<p style=\"text-align: justify;\">Este tipo de rectificado se utiliza com\u00fanmente para piezas cil\u00edndricas exteriores como interiores, tanto la rueda abrasiva como la pieza de trabajo giran durante la operaci\u00f3n.<br \/>\n[ <strong><a href=\"https:\/\/www.tecnicamecanica.com\/web\/servicios\/rectificado-cilindrico-universal\/\">M\u00e1s info<\/a><\/strong> ]<\/div> <!-- description --><\/div> <!-- aio-ibd-block --><\/div> <!-- aio-icon-box --><\/div> <!-- aio-icon-component -->[\/vc_column_inner][\/vc_row_inner][\/vc_column][vc_column width=\u00bb1\/3&#8243;][vc_message style=\u00bbsquare\u00bb message_box_color=\u00bbblue\u00bb icon_fontawesome=\u00bbfa fa-cubes\u00bb]<strong><span style=\"font-size: 14pt; color: #000000;\">Clientes<\/span><\/strong>[\/vc_message]<div class=\"porto-carousel owl-carousel  stage-margin\" data-plugin-options=\"{&quot;stagePadding&quot;:40,&quot;margin&quot;:10,&quot;autoplay&quot;:&quot;yes&quot;,&quot;autoplayTimeout&quot;:4000,&quot;autoplayHoverPause&quot;:false,&quot;items&quot;:1,&quot;lg&quot;:2,&quot;md&quot;:3,&quot;sm&quot;:2,&quot;xs&quot;:1,&quot;nav&quot;:false,&quot;dots&quot;:false,&quot;animateIn&quot;:&quot;&quot;,&quot;animateOut&quot;:&quot;&quot;,&quot;loop&quot;:&quot;yes&quot;,&quot;center&quot;:&quot;yes&quot;,&quot;video&quot;:false,&quot;lazyLoad&quot;:false}\">[vc_single_image image=\u00bb1216&#8243; img_size=\u00bbfull\u00bb][vc_single_image image=\u00bb1217&#8243; img_size=\u00bbfull\u00bb][vc_single_image image=\u00bb1218&#8243; img_size=\u00bbfull\u00bb][vc_single_image image=\u00bb1219&#8243; img_size=\u00bbfull\u00bb][vc_single_image image=\u00bb1220&#8243; img_size=\u00bbfull\u00bb][vc_single_image image=\u00bb1001&#8243; img_size=\u00bbfull\u00bb][vc_single_image image=\u00bb1002&#8243; img_size=\u00bbfull\u00bb][vc_single_image image=\u00bb1003&#8243; img_size=\u00bbfull\u00bb][vc_single_image image=\u00bb1021&#8243; img_size=\u00bbfull\u00bb][vc_single_image image=\u00bb1004&#8243; img_size=\u00bbfull\u00bb][vc_single_image image=\u00bb1017&#8243; img_size=\u00bbfull\u00bb][vc_single_image image=\u00bb1020&#8243; img_size=\u00bbfull\u00bb][vc_single_image image=\u00bb1006&#8243; img_size=\u00bbfull\u00bb][vc_single_image image=\u00bb1007&#8243; img_size=\u00bbfull\u00bb][vc_single_image image=\u00bb1008&#8243; img_size=\u00bbfull\u00bb][vc_single_image image=\u00bb1019&#8243; img_size=\u00bbfull\u00bb][vc_single_image image=\u00bb1009&#8243; img_size=\u00bbfull\u00bb]<\/div>[vc_message style=\u00bbsquare\u00bb message_box_color=\u00bbblue\u00bb icon_fontawesome=\u00bbfa fa-play-circle\u00bb]<strong><span style=\"font-size: 14pt; color: #000000;\">V\u00eddeo<\/span><\/strong>[\/vc_message][vc_column_text]<video autoplay=\"autoplay\" controls=\"controls\" width=\"400\" height=\"287\"><source src=\"https:\/\/www.tecnicamecanica.com\/web\/video\/cnc.mp4\" type=\"video\/mp4\" \/><\/video>[\/vc_column_text][\/vc_column][\/vc_row]<\/p>\n","protected":false},"excerpt":{"rendered":"<p>[vc_row wrap_container=\u00bbyes\u00bb el_class=\u00bbp-t-xlg p-b-md\u00bb][vc_column width=\u00bb2\/3&#8243;][vc_message style=\u00bbsquare\u00bb message_box_color=\u00bbblue\u00bb icon_fontawesome=\u00bbfa fa-cog\u00bb]Servicios[\/vc_message][vc_row_inner][vc_column_inner width=\u00bb1\/2&#8243;][\/vc_column_inner][vc_column_inner width=\u00bb1\/2&#8243;][\/vc_column_inner][\/vc_row_inner][vc_row_inner][vc_column_inner width=\u00bb1\/2&#8243;][\/vc_column_inner][vc_column_inner width=\u00bb1\/2&#8243;][\/vc_column_inner][\/vc_row_inner][vc_row_inner][vc_column_inner width=\u00bb1\/2&#8243;][\/vc_column_inner][vc_column_inner width=\u00bb1\/2&#8243;][\/vc_column_inner][\/vc_row_inner][\/vc_column][vc_column width=\u00bb1\/3&#8243;][vc_message style=\u00bbsquare\u00bb message_box_color=\u00bbblue\u00bb icon_fontawesome=\u00bbfa fa-cubes\u00bb]Clientes[\/vc_message][vc_message style=\u00bbsquare\u00bb message_box_color=\u00bbblue\u00bb icon_fontawesome=\u00bbfa fa-play-circle\u00bb]V\u00eddeo[\/vc_message][vc_column_text][\/vc_column_text][\/vc_column][\/vc_row]<\/p>\n","protected":false},"author":1,"featured_media":0,"parent":0,"menu_order":0,"comment_status":"closed","ping_status":"closed","template":"","meta":{"_joinchat":[]},"_links":{"self":[{"href":"https:\/\/www.tecnicamecanica.com\/web\/wp-json\/wp\/v2\/pages\/143"}],"collection":[{"href":"https:\/\/www.tecnicamecanica.com\/web\/wp-json\/wp\/v2\/pages"}],"about":[{"href":"https:\/\/www.tecnicamecanica.com\/web\/wp-json\/wp\/v2\/types\/page"}],"author":[{"embeddable":true,"href":"https:\/\/www.tecnicamecanica.com\/web\/wp-json\/wp\/v2\/users\/1"}],"replies":[{"embeddable":true,"href":"https:\/\/www.tecnicamecanica.com\/web\/wp-json\/wp\/v2\/comments?post=143"}],"version-history":[{"count":92,"href":"https:\/\/www.tecnicamecanica.com\/web\/wp-json\/wp\/v2\/pages\/143\/revisions"}],"predecessor-version":[{"id":1273,"href":"https:\/\/www.tecnicamecanica.com\/web\/wp-json\/wp\/v2\/pages\/143\/revisions\/1273"}],"wp:attachment":[{"href":"https:\/\/www.tecnicamecanica.com\/web\/wp-json\/wp\/v2\/media?parent=143"}],"curies":[{"name":"wp","href":"https:\/\/api.w.org\/{rel}","templated":true}]}}